{"id":32,"date":"2024-05-29T14:17:27","date_gmt":"2024-05-29T17:17:27","guid":{"rendered":"https:\/\/tadeudemarco.com\/burgertrends\/?page_id=32"},"modified":"2025-05-28T18:39:43","modified_gmt":"2025-05-28T21:39:43","slug":"rango-2","status":"publish","type":"page","link":"https:\/\/tadeudemarco.com\/burgertrends\/","title":{"rendered":""},"content":{"rendered":"\n<p><\/p>\n\n\n\n<div class=\"wp-block-group alignfull has-background has-global-padding is-layout-constrained wp-container-core-group-is-layout-d89aad35 wp-block-group-is-layout-constrained\" style=\"background-color:#ffd900;margin-top:0;margin-bottom:0;padding-top:var(--wp--preset--spacing--50);padding-right:var(--wp--preset--spacing--50);padding-bottom:var(--wp--preset--spacing--50);padding-left:var(--wp--preset--spacing--50)\">\n<div class=\"wp-block-columns alignwide is-layout-flex wp-container-core-columns-is-layout-1da03c2a wp-block-columns-is-layout-flex\">\n<div class=\"wp-block-column is-vertically-aligned-center is-layout-flow wp-block-column-is-layout-flow\" style=\"flex-basis:60%\">\n<figure class=\"wp-block-image aligncenter size-full is-style-rounded wp-duotone-unset-2 is-style-rounded--1\"><img loading=\"lazy\" decoding=\"async\" width=\"1136\" height=\"1074\" src=\"https:\/\/tadeudemarco.com\/burgertrends\/wp-content\/uploads\/2024\/05\/Ilustracao_Sem_Titulo-2.png\" alt=\"\" class=\"wp-image-143\" style=\"aspect-ratio:4\/3;object-fit:cover\" srcset=\"https:\/\/tadeudemarco.com\/burgertrends\/wp-content\/uploads\/2024\/05\/Ilustracao_Sem_Titulo-2.png 1136w, https:\/\/tadeudemarco.com\/burgertrends\/wp-content\/uploads\/2024\/05\/Ilustracao_Sem_Titulo-2-300x284.png 300w, https:\/\/tadeudemarco.com\/burgertrends\/wp-content\/uploads\/2024\/05\/Ilustracao_Sem_Titulo-2-1024x968.png 1024w, https:\/\/tadeudemarco.com\/burgertrends\/wp-content\/uploads\/2024\/05\/Ilustracao_Sem_Titulo-2-768x726.png 768w\" sizes=\"auto, (max-width: 1136px) 100vw, 1136px\" \/><\/figure>\n<\/div>\n\n\n\n<div class=\"wp-block-column is-layout-flow wp-block-column-is-layout-flow\" style=\"flex-basis:40%\">\n<p class=\"has-text-align-left has-base-color has-text-color has-link-color has-open-sans-font-family has-medium-font-size wp-elements-7840adb0f0b63efd6004c0bf28abaf83\">A <b>Burger Trends<\/b> \u00e9 uma pesquisa de tend\u00eancia de consumo desenvolvida pelo especialista em hamb\u00farguer e American BBQ <b>Tadeu de Marco<\/b> e a ag\u00eancia <b>Flandoli<\/b>, em parceria com as marcas, <b>Boccaneira, McCain e Polenghi Profissional.<\/b><\/p>\n\n\n\n<p class=\"has-text-align-left has-base-color has-text-color has-link-color has-open-sans-font-family has-medium-font-size wp-elements-6e8073b14ae75c9dda069d487909c0f1\">Em sua <b>primeira edi\u00e7\u00e3o (24\/25)<\/b>, a pesquisa traz uma metodologia que cobre os principais elementos que orbitam a constru\u00e7\u00e3o do que \u00e9 o hamb\u00farguer: p\u00e3o, carne, queijo, molho e acompanhamento.<\/p>\n\n\n\n<p class=\"has-text-align-left has-base-color has-text-color has-link-color has-open-sans-font-family has-medium-font-size wp-elements-fad3e9ddd937af38c708251ceedf711f\">A regi\u00e3o de estudo escolhida foi a cidade de <b>Nova York<\/b> &#8211; com foco na ilha de <b>Manhattan<\/b> e o bairro do <b>Brooklyn<\/b> &#8211; sabidamente geradora de tend\u00eancia de consumo e comportamento que extrapolam o segmento A&amp;B.<\/p>\n\n\n\n<p class=\"has-text-align-left has-base-color has-text-color has-link-color has-open-sans-font-family has-medium-font-size wp-elements-e5fe80d26303cf8ef66d07af6422694e\">Tadeu de Marco e Flandoli s\u00e3o respons\u00e1veis pelo desenvolvimento, produ\u00e7\u00e3o, publica\u00e7\u00e3o e distribui\u00e7\u00e3o da pesquisa em seus canais oficiais.<\/p>\n\n\n\n<div class=\"wp-block-group is-content-justification-center is-nowrap is-layout-flex wp-container-core-group-is-layout-23441af8 wp-block-group-is-layout-flex\">\n<div class=\"wp-block-buttons is-layout-flex wp-block-buttons-is-layout-flex\">\n<div class=\"wp-block-button is-style-fill\"><a class=\"wp-block-button__link has-contrast-color has-base-background-color has-text-color has-background has-link-color has-medium-font-size has-custom-font-size wp-element-button\" href=\"https:\/\/tadeudemarco.com\/burgertrends\/wp-content\/uploads\/2025\/05\/BURGER-TRENDS-2025.pdf\">BAIXE AGORA A VERS\u00c3O GRATUITA<\/a><\/div>\n<\/div>\n\n\n<ul class=\"wp-block-archives-list wp-block-archives\">\t<li><a href='https:\/\/tadeudemarco.com\/burgertrends\/2024\/05\/'>maio 2024<\/a><\/li>\n<\/ul><\/div>\n<\/div>\n<\/div>\n<\/div>\n\n\n\n<div class=\"wp-block-group alignfull has-global-padding is-layout-constrained wp-container-core-group-is-layout-669513ed wp-block-group-is-layout-constrained\" style=\"margin-top:0;margin-bottom:0;padding-top:var(--wp--preset--spacing--50);padding-right:var(--wp--preset--spacing--50);padding-bottom:var(--wp--preset--spacing--50);padding-left:var(--wp--preset--spacing--50)\">\n<div class=\"wp-block-group is-vertical is-content-justification-center is-layout-flex wp-container-core-group-is-layout-ce155fab wp-block-group-is-layout-flex\">\n<h2 class=\"wp-block-heading has-text-align-center has-cheddar-gothic-sans-font-family has-xx-large-font-size\" style=\"letter-spacing:3px\">MARCAS PARCEIRAS<\/h2>\n<\/div>\n\n\n\n<div class=\"wp-block-columns alignwide is-layout-flex wp-container-core-columns-is-layout-4935966c wp-block-columns-is-layout-flex\" style=\"padding-right:0;padding-left:0\">\n<div class=\"wp-block-column is-layout-flow wp-block-column-is-layout-flow\">\n<figure class=\"wp-block-image aligncenter size-full is-style-rounded is-style-rounded--3\"><a href=\"https:\/\/boccaneira.com.br\/\" target=\"_blank\" rel=\"noreferrer noopener\"><img loading=\"lazy\" decoding=\"async\" width=\"300\" height=\"107\" src=\"https:\/\/tadeudemarco.com\/burgertrends\/wp-content\/uploads\/2024\/05\/LOGO-1-300x107-1.png\" alt=\"\" class=\"wp-image-64\" style=\"aspect-ratio:1;object-fit:contain\"\/><\/a><\/figure>\n<\/div>\n\n\n\n<div class=\"wp-block-column is-layout-flow wp-block-column-is-layout-flow\">\n<figure class=\"wp-block-image size-full is-style-rounded is-style-rounded--4\"><a href=\"https:\/\/www.mccain.com.br\/\" target=\"_blank\" rel=\"noreferrer noopener\"><img loading=\"lazy\" decoding=\"async\" width=\"3840\" height=\"2160\" src=\"https:\/\/tadeudemarco.com\/burgertrends\/wp-content\/uploads\/2024\/05\/McCain-Foods-Logo-2013.png\" alt=\"\" class=\"wp-image-66\" style=\"aspect-ratio:1;object-fit:contain\" srcset=\"https:\/\/tadeudemarco.com\/burgertrends\/wp-content\/uploads\/2024\/05\/McCain-Foods-Logo-2013.png 3840w, https:\/\/tadeudemarco.com\/burgertrends\/wp-content\/uploads\/2024\/05\/McCain-Foods-Logo-2013-300x169.png 300w, https:\/\/tadeudemarco.com\/burgertrends\/wp-content\/uploads\/2024\/05\/McCain-Foods-Logo-2013-1024x576.png 1024w, https:\/\/tadeudemarco.com\/burgertrends\/wp-content\/uploads\/2024\/05\/McCain-Foods-Logo-2013-768x432.png 768w, https:\/\/tadeudemarco.com\/burgertrends\/wp-content\/uploads\/2024\/05\/McCain-Foods-Logo-2013-1536x864.png 1536w, https:\/\/tadeudemarco.com\/burgertrends\/wp-content\/uploads\/2024\/05\/McCain-Foods-Logo-2013-2048x1152.png 2048w\" sizes=\"auto, (max-width: 3840px) 100vw, 3840px\" \/><\/a><\/figure>\n<\/div>\n\n\n\n<div class=\"wp-block-column is-layout-flow wp-block-column-is-layout-flow\">\n<figure class=\"wp-block-image size-full is-style-rounded is-style-rounded--5\"><a href=\"https:\/\/www.polenghi.com.br\/profissional\" target=\"_blank\" rel=\"noreferrer noopener\"><img loading=\"lazy\" decoding=\"async\" width=\"335\" height=\"243\" src=\"https:\/\/tadeudemarco.com\/burgertrends\/wp-content\/uploads\/2024\/05\/Polenghi-Profissional@2x.png\" alt=\"\" class=\"wp-image-67\" style=\"aspect-ratio:1;object-fit:contain\" srcset=\"https:\/\/tadeudemarco.com\/burgertrends\/wp-content\/uploads\/2024\/05\/Polenghi-Profissional@2x.png 335w, https:\/\/tadeudemarco.com\/burgertrends\/wp-content\/uploads\/2024\/05\/Polenghi-Profissional@2x-300x218.png 300w\" sizes=\"auto, (max-width: 335px) 100vw, 335px\" \/><\/a><\/figure>\n<\/div>\n\n\n\n<div class=\"wp-block-column is-layout-flow wp-block-column-is-layout-flow\"><\/div>\n<\/div>\n\n\n\n<p class=\"has-open-sans-font-family\" style=\"font-size:clamp(1.039rem, 1.039rem + ((1vw - 0.2rem) * 0.935), 1.6rem);\">A Burger Trends 24\/25 tem tr\u00eas vers\u00f5es:<br><br>A gratuita, que voc\u00ea pode baixar no link acima e outras duas vers\u00f5es pagas.<br><br>Para comprar as vers\u00f5es dedicadas a estabelecimentos\/operadores e caso voc\u00ea seja representante de uma marca, entre em contato no e-mail abaixo.<\/p>\n\n\n\n<div class=\"wp-block-buttons is-content-justification-center is-layout-flex wp-container-core-buttons-is-layout-a89b3969 wp-block-buttons-is-layout-flex\">\n<div class=\"wp-block-button\"><a class=\"wp-block-button__link has-base-color has-text-color has-background has-link-color has-medium-font-size has-custom-font-size wp-element-button\" style=\"background-color:#ffbf00\" rel=\"MAILTO: TADEU@FLANDOLIGT.COM\">TADEU@FLANDOLIGT.COM<\/a><\/div>\n<\/div>\n<\/div>\n\n\n\n<div class=\"wp-block-cover alignfull has-parallax\" style=\"padding-top:var(--wp--preset--spacing--50);padding-right:var(--wp--preset--spacing--50);padding-bottom:var(--wp--preset--spacing--50);padding-left:var(--wp--preset--spacing--50);min-height:100vh;aspect-ratio:unset;\"><div class=\"wp-block-cover__image-background wp-image-98 has-parallax\" style=\"background-position:50% 50%;background-image:url(https:\/\/tadeudemarco.com\/burgertrends\/wp-content\/uploads\/2024\/05\/IMG_4311copy-1-scaled.jpg)\"><\/div><span aria-hidden=\"true\" class=\"wp-block-cover__background has-base-background-color has-background-dim-0 has-background-dim\"><\/span><div class=\"wp-block-cover__inner-container has-global-padding is-layout-constrained wp-container-core-cover-is-layout-e4fd886c wp-block-cover-is-layout-constrained\">\n<div style=\"height:500px\" aria-hidden=\"true\" class=\"wp-block-spacer\"><\/div>\n<\/div><\/div>\n\n\n\n\n","protected":false},"excerpt":{"rendered":"<p>A Burger Trends \u00e9 uma pesquisa de tend\u00eancia de consumo desenvolvida pelo especialista em hamb\u00farguer e American BBQ Tadeu de Marco e a ag\u00eancia Flandoli, em parceria com as marcas, Boccaneira, McCain e Polenghi Profissional. Em sua primeira edi\u00e7\u00e3o (24\/25), a pesquisa traz uma metodologia que cobre os principais elementos que orbitam a constru\u00e7\u00e3o do [&hellip;]<\/p>\n","protected":false},"author":1,"featured_media":70,"parent":0,"menu_order":0,"comment_status":"closed","ping_status":"closed","template":"","meta":{"footnotes":""},"class_list":["post-32","page","type-page","status-publish","has-post-thumbnail","hentry"],"_links":{"self":[{"href":"https:\/\/tadeudemarco.com\/burgertrends\/wp-json\/wp\/v2\/pages\/32","targetHints":{"allow":["GET"]}}],"collection":[{"href":"https:\/\/tadeudemarco.com\/burgertrends\/wp-json\/wp\/v2\/pages"}],"about":[{"href":"https:\/\/tadeudemarco.com\/burgertrends\/wp-json\/wp\/v2\/types\/page"}],"author":[{"embeddable":true,"href":"https:\/\/tadeudemarco.com\/burgertrends\/wp-json\/wp\/v2\/users\/1"}],"replies":[{"embeddable":true,"href":"https:\/\/tadeudemarco.com\/burgertrends\/wp-json\/wp\/v2\/comments?post=32"}],"version-history":[{"count":55,"href":"https:\/\/tadeudemarco.com\/burgertrends\/wp-json\/wp\/v2\/pages\/32\/revisions"}],"predecessor-version":[{"id":165,"href":"https:\/\/tadeudemarco.com\/burgertrends\/wp-json\/wp\/v2\/pages\/32\/revisions\/165"}],"wp:featuredmedia":[{"embeddable":true,"href":"https:\/\/tadeudemarco.com\/burgertrends\/wp-json\/wp\/v2\/media\/70"}],"wp:attachment":[{"href":"https:\/\/tadeudemarco.com\/burgertrends\/wp-json\/wp\/v2\/media?parent=32"}],"curies":[{"name":"wp","href":"https:\/\/api.w.org\/{rel}","templated":true}]}}